{"id":1599,"date":"2016-04-15T09:11:28","date_gmt":"2016-04-15T09:11:28","guid":{"rendered":"http:\/\/pulsar.se\/en\/?page_id=1599"},"modified":"2018-01-25T15:12:29","modified_gmt":"2018-01-25T15:12:29","slug":"contact","status":"publish","type":"page","link":"https:\/\/pulsar.se\/en\/contact\/","title":{"rendered":"CONTACT"},"content":{"rendered":"<p><div class=\"fusion-fullwidth fullwidth-box nonhundred-percent-fullwidth non-hundred-percent-height-scrolling\"  style='background-color: #ffffff;background-position: left top;background-repeat: no-repeat;padding-top:70px;padding-right:0px;padding-bottom:75px;padding-left:0px;border-top-width:0px;border-bottom-width:0px;border-color:#eae9e9;border-top-style:solid;border-bottom-style:solid;'><div class=\"fusion-builder-row fusion-row \"><div  class=\"fusion-layout-column fusion_builder_column fusion_builder_column_1_2  fusion-one-half fusion-column-first 1_2\"  style='margin-top:0px;margin-bottom:20px;width:48%; margin-right: 4%;'>\n\t\t\t\t\t<div class=\"fusion-column-wrapper\" style=\"background-position:left top;background-repeat:no-repeat;-webkit-background-size:cover;-moz-background-size:cover;-o-background-size:cover;background-size:cover;\"  data-bg-url=\"\">\n\t\t\t\t\t\t<div class=\"fusion-text\"><h3>Contact Us<\/h3>\n<h3><span style=\"color: #000000;\">Pulsar Larmsystem AB<\/span><br \/>\n<span style=\"color: #000000;\">Sundbyv\u00e4gen 83, 163 44 Sp\u00e5nga<\/span><br \/>\n<span style=\"color: #000000;\"> Tel:\u00a0+46 (0)8 361 705<\/span><br \/>\n<span style=\"color: #000000;\"> Email: <a style=\"color: #000000;\" href=\"mailto:info@pulsar.se\">info@pulsar.se<\/a><\/span><\/h3>\n<h3>FAQ&#8217;s<\/h3>\n<\/div><div class=\"fusion-sep-clear\"><\/div><div class=\"fusion-separator fusion-full-width-sep sep-none\" style=\"margin-left: auto;margin-right: auto;margin-top:;margin-bottom:20px;\"><\/div><style type=\"text\/css\" scoped=\"scoped\">.fusion-accordian  #accordion-1599-1 .panel-title a .fa-fusion-box{ color: #ffffff;}.fusion-accordian  #accordion-1599-1 .panel-title a .fa-fusion-box:before{ font-size: 13px; width: 13px;}<\/style><div class=\"accordian fusion-accordian\"><div class=\"panel-group\" id=\"accordion-1599-1\"><div class=\"fusion-panel panel-default\"><div class=\"panel-heading\"><h4 class=\"panel-title toggle\"><a data-toggle=\"collapse\" data-parent=\"#accordion-1599-1\" data-target=\"#4ad7f8897bd2af566\" href=\"#4ad7f8897bd2af566\"><div class=\"fusion-toggle-icon-wrapper\"><i class=\"fa-fusion-box\"><\/i><\/div><div class=\"fusion-toggle-heading\">Kan man rita om kartor och editera texter under full drift utan avbrott i funktioner? <\/div><\/a><\/h4><\/div><div id=\"4ad7f8897bd2af566\" class=\"panel-collapse collapse \"><div class=\"panel-body toggle-content\">Det g\u00e5r utm\u00e4rkt, men endast en i taget kan editera om man har beh\u00f6righet for detta.<\/div><\/div><\/div><div class=\"fusion-panel panel-default\"><div class=\"panel-heading\"><h4 class=\"panel-title toggle\"><a data-toggle=\"collapse\" data-parent=\"#accordion-1599-1\" data-target=\"#3d24314daf2f945a3\" href=\"#3d24314daf2f945a3\"><div class=\"fusion-toggle-icon-wrapper\"><i class=\"fa-fusion-box\"><\/i><\/div><div class=\"fusion-toggle-heading\">Hur m\u00e5nga kan samtidigt hantera systemet fr\u00e5n olika IP-adresser? <\/div><\/a><\/h4><\/div><div id=\"3d24314daf2f945a3\" class=\"panel-collapse collapse \"><div class=\"panel-body toggle-content\">Ingen gr\u00e4ns men praktiskt kanske kr\u00e5ngligt om fler \u00e4n 20 samtidiga.<\/div><\/div><\/div><div class=\"fusion-panel panel-default\"><div class=\"panel-heading\"><h4 class=\"panel-title toggle\"><a data-toggle=\"collapse\" data-parent=\"#accordion-1599-1\" data-target=\"#c9084f980cd8e2acb\" href=\"#c9084f980cd8e2acb\"><div class=\"fusion-toggle-icon-wrapper\"><i class=\"fa-fusion-box\"><\/i><\/div><div class=\"fusion-toggle-heading\">Kan flera brandlarmcentraler anslutas till systemet? <\/div><\/a><\/h4><\/div><div id=\"c9084f980cd8e2acb\" class=\"panel-collapse collapse \"><div class=\"panel-body toggle-content\">Ja, via begreppet &#8220;Flera v\u00e4rldar&#8221; kan m\u00e5nga likadana centraler anslutas och f\u00e5r d\u00e5 prefixet &#8220;V\u00e4rld 1, 2&#8221; o.s.v.<\/div><\/div><\/div><div class=\"fusion-panel panel-default\"><div class=\"panel-heading\"><h4 class=\"panel-title toggle\"><a data-toggle=\"collapse\" data-parent=\"#accordion-1599-1\" data-target=\"#4aa66273de99cd54c\" href=\"#4aa66273de99cd54c\"><div class=\"fusion-toggle-icon-wrapper\"><i class=\"fa-fusion-box\"><\/i><\/div><div class=\"fusion-toggle-heading\">Kan Appen anv\u00e4ndas samtidigt fr\u00e5n flera Andreoid telefoner eller paddor?<\/div><\/a><\/h4><\/div><div id=\"4aa66273de99cd54c\" class=\"panel-collapse collapse \"><div class=\"panel-body toggle-content\">Ja och loggning sker n\u00e4r respektive g\u00e5r in och vem som kvitterat larm, man beh\u00f6ver inte kvittera utan om man vill endast notera.<\/div><\/div><\/div><div class=\"fusion-panel panel-default\"><div class=\"panel-heading\"><h4 class=\"panel-title toggle\"><a data-toggle=\"collapse\" data-parent=\"#accordion-1599-1\" data-target=\"#dd905e56ba1a91629\" href=\"#dd905e56ba1a91629\"><div class=\"fusion-toggle-icon-wrapper\"><i class=\"fa-fusion-box\"><\/i><\/div><div class=\"fusion-toggle-heading\">Ligger larmet kvar i brandlarmcentral \u00e4ven om man kvitterar fr\u00e5n klient eller App? <\/div><\/a><\/h4><\/div><div id=\"dd905e56ba1a91629\" class=\"panel-collapse collapse \"><div class=\"panel-body toggle-content\">Ja, man st\u00e4ller in via prioritet i kvitteringsgrupper vad man vill.<\/div><\/div><\/div><div class=\"fusion-panel panel-default\"><div class=\"panel-heading\"><h4 class=\"panel-title toggle\"><a data-toggle=\"collapse\" data-parent=\"#accordion-1599-1\" data-target=\"#3696c391cbcb65811\" href=\"#3696c391cbcb65811\"><div class=\"fusion-toggle-icon-wrapper\"><i class=\"fa-fusion-box\"><\/i><\/div><div class=\"fusion-toggle-heading\">Importerar man OR ritningar fr\u00e5n Autocad program? <\/div><\/a><\/h4><\/div><div id=\"3696c391cbcb65811\" class=\"panel-collapse collapse \"><div class=\"panel-body toggle-content\">Ja i DXF format R14<\/div><\/div><\/div><\/div><\/div><div class=\"fusion-clearfix\"><\/div>\n\n\t\t\t\t\t<\/div>\n\t\t\t\t<\/div><\/div><\/div><div class=\"fusion-fullwidth fullwidth-box hundred-percent-fullwidth non-hundred-percent-height-scrolling\"  style='background-color: #ffffff;background-position: left top;background-repeat: no-repeat;padding-top:0px;padding-right:0px;padding-bottom:0px;padding-left:0px;border-top-width:0px;border-bottom-width:0px;border-color:#eae9e9;border-top-style:solid;border-bottom-style:solid;'><div class=\"fusion-builder-row fusion-row \"><div  class=\"fusion-layout-column fusion_builder_column fusion_builder_column_1_1  fusion-one-full fusion-column-first fusion-column-last fusion-column-no-min-height 1_1\"  style='margin-top:0px;margin-bottom:0px;'>\n\t\t\t\t\t<div class=\"fusion-column-wrapper\" style=\"background-position:left top;background-repeat:no-repeat;-webkit-background-size:cover;-moz-background-size:cover;-o-background-size:cover;background-size:cover;\"  data-bg-url=\"\">\n\t\t\t\t\t\t\t\t\t\t\t<script type=\"text\/javascript\">\n\t\t\t\t\t\tvar map_fusion_map_69ea41480a094;\n\t\t\t\t\t\tvar markers = [];\n\t\t\t\t\t\tvar counter = 0;\n\t\t\t\t\t\t\t\t\t\t\t\t\t\t\t\t\t\t\t\tvar fusionMapNonce = 'b4cd13c7fb';\n\t\t\t\t\t\t\t\t\t\t\t\tfunction fusion_run_map_fusion_map_69ea41480a094() {\n\t\t\t\t\t\t\tjQuery('#fusion_map_69ea41480a094').fusion_maps({\n\t\t\t\t\t\t\t\taddresses: [{\"address\":\"59.36969,17.91652\",\"infobox_content\":\"\",\"marker\":\"http:\\\/\\\/pulsar.se\\\/wp-content\\\/uploads\\\/2015\\\/12\\\/rsz_pulsar_logo-copy-6.jpg\",\"coordinates\":true,\"latitude\":\"59.36969\",\"longitude\":\"17.91652\",\"cache\":true,\"geocoded_address\":\"Sundbyv\\u00e4gen 83, 163 44 Sp\\u00e5nga, Sweden\"}],\n\t\t\t\t\t\t\t\tanimations: true,\n\t\t\t\t\t\t\t\tinfobox_background_color: 'rgba(102,102,164,.8)',\n\t\t\t\t\t\t\t\tinfobox_styling: 'custom',\n\t\t\t\t\t\t\t\tinfobox_text_color: '#ffffff',\n\t\t\t\t\t\t\t\tmap_style: 'custom',\n\t\t\t\t\t\t\t\tmap_type: 'roadmap',\n\t\t\t\t\t\t\t\tmarker_icon: 'http:\/\/pulsar.se\/wp-content\/uploads\/2015\/12\/rsz_pulsar_logo-copy-6.jpg',\n\t\t\t\t\t\t\t\toverlay_color: '#497add',\n\t\t\t\t\t\t\t\toverlay_color_hsl: {\"hue\":220,\"sat\":69,\"lum\":58},\n\t\t\t\t\t\t\t\tpan_control: true,\n\t\t\t\t\t\t\t\tshow_address: false,\n\t\t\t\t\t\t\t\tscale_control: false,\n\t\t\t\t\t\t\t\tscrollwheel: false,\n\t\t\t\t\t\t\t\tzoom: 14,\n\t\t\t\t\t\t\t\tzoom_control: true,\n\t\t\t\t\t\t\t});\n\t\t\t\t\t\t}\n\n\t\t\t\t\t\tgoogle.maps.event.addDomListener(window, 'load', fusion_run_map_fusion_map_69ea41480a094);\n\t\t\t\t\t<\/script>\n\t\t\t\t\t<div class=\"shortcode-map fusion-google-map\" id=\"fusion_map_69ea41480a094\" style=\"height:700px;width:100%;\"><\/div><div class=\"fusion-clearfix\"><\/div>\n\n\t\t\t\t\t<\/div>\n\t\t\t\t<\/div><\/div><\/div><div class=\"fusion-fullwidth fullwidth-box hundred-percent-fullwidth non-hundred-percent-height-scrolling fusion-equal-height-columns\"  style='background-color: #ffffff;background-position: left top;background-repeat: no-repeat;padding-top:0px;padding-right:0px;padding-bottom:-30px;padding-left:0px;border-top-width:0px;border-bottom-width:0px;border-color:#eae9e9;border-top-style:solid;border-bottom-style:solid;'><div class=\"fusion-builder-row fusion-row \"><\/div><\/div><\/p>\n","protected":false},"excerpt":{"rendered":"","protected":false},"author":1,"featured_media":0,"parent":0,"menu_order":0,"comment_status":"closed","ping_status":"open","template":"100-width.php","meta":{"footnotes":""},"class_list":["post-1599","page","type-page","status-publish","hentry"],"_links":{"self":[{"href":"https:\/\/pulsar.se\/en\/wp-json\/wp\/v2\/pages\/1599","targetHints":{"allow":["GET"]}}],"collection":[{"href":"https:\/\/pulsar.se\/en\/wp-json\/wp\/v2\/pages"}],"about":[{"href":"https:\/\/pulsar.se\/en\/wp-json\/wp\/v2\/types\/page"}],"author":[{"embeddable":true,"href":"https:\/\/pulsar.se\/en\/wp-json\/wp\/v2\/users\/1"}],"replies":[{"embeddable":true,"href":"https:\/\/pulsar.se\/en\/wp-json\/wp\/v2\/comments?post=1599"}],"version-history":[{"count":2,"href":"https:\/\/pulsar.se\/en\/wp-json\/wp\/v2\/pages\/1599\/revisions"}],"predecessor-version":[{"id":1775,"href":"https:\/\/pulsar.se\/en\/wp-json\/wp\/v2\/pages\/1599\/revisions\/1775"}],"wp:attachment":[{"href":"https:\/\/pulsar.se\/en\/wp-json\/wp\/v2\/media?parent=1599"}],"curies":[{"name":"wp","href":"https:\/\/api.w.org\/{rel}","templated":true}]}}