{"id":1648,"date":"2016-04-15T11:42:21","date_gmt":"2016-04-15T11:42:21","guid":{"rendered":"http:\/\/pulsar.se\/en\/?page_id=1648"},"modified":"2018-01-25T15:12:29","modified_gmt":"2018-01-25T15:12:29","slug":"references","status":"publish","type":"page","link":"https:\/\/pulsar.se\/en\/references\/","title":{"rendered":"References"},"content":{"rendered":"<div class=\"fusion-fullwidth fullwidth-box hundred-percent-fullwidth non-hundred-percent-height-scrolling\"  style='background-color: #ffffff;background-position: center center;background-repeat: no-repeat;padding-top:0px;padding-right:0px;padding-bottom:0px;padding-left:0px;'><div class=\"fusion-builder-row fusion-row \"><div  class=\"fusion-layout-column fusion_builder_column fusion_builder_column_1_1  fusion-one-full fusion-column-first fusion-column-last fusion-column-no-min-height 1_1\"  style='margin-top:0px;margin-bottom:0px;'>\n\t\t\t\t\t<div class=\"fusion-column-wrapper\" style=\"background-position:left top;background-repeat:no-repeat;-webkit-background-size:cover;-moz-background-size:cover;-o-background-size:cover;background-size:cover;\"  data-bg-url=\"\">\n\t\t\t\t\t\t<div class=\"fusion-flip-boxes flip-boxes row fusion-columns-3\"><div class=\"fusion-flip-box-wrapper fusion-column col-lg-4 col-md-4 col-sm-4\"><div class=\"fusion-flip-box\"><div class=\"flip-box-inner-wrapper\"><div class=\"flip-box-front\" style=\"background-color:#f6f6f6;border-color:rgba(255,255,255,0);border-radius:4px;border-style:solid;border-width:1px;color:#747474;\"><div class=\"flip-box-front-inner\"><div class=\"flip-box-grafix flip-box-image\"><img loading=\"lazy\" decoding=\"async\" src=\"http:\/\/pulsar.se\/wp-content\/uploads\/2015\/01\/WTC-1.jpg\" width=\"250\" height=\"150\" alt=\"\" \/><\/div><h2 class=\"flip-box-heading without-text\" style=\"color:#333333;\">World Trade Center<br \/>\nStockholm<\/h2><\/div><\/div><div class=\"flip-box-back\" style=\"background-color:#1a80b6;border-color:rgba(255,255,255,0);border-radius:4px;border-style:solid;border-width:1px;color:#ffffff;\"><div class=\"flip-box-back-inner\"><h3 class=\"flip-box-heading-back\" style=\"color:#eeeded;\">Pulsar 3000 f\u00f6r styrning porttelefon med videost\u00f6d Mars 2012. <\/h3>Levererat av Alarm &amp; Elektronikservice AB<\/p>\n<p><a style=\"line-height: 1.5;\" href=\"http:\/\/www.wtc.se\/\" target=\"_blank\">Se WTC Hemsida<\/a><\/div><\/div><\/div><\/div><\/div><div class=\"fusion-flip-box-wrapper fusion-column col-lg-4 col-md-4 col-sm-4\"><div class=\"fusion-flip-box\"><div class=\"flip-box-inner-wrapper\"><div class=\"flip-box-front\" style=\"background-color:#f6f6f6;border-color:rgba(255,255,255,0);border-radius:4px;border-style:solid;border-width:1px;color:#747474;\"><div class=\"flip-box-front-inner\"><div class=\"flip-box-grafix flip-box-image\"><img loading=\"lazy\" decoding=\"async\" src=\"http:\/\/pulsar.se\/wp-content\/uploads\/2015\/11\/ikea.png\" width=\"250\" height=\"50\" alt=\"\" \/><\/div><h2 class=\"flip-box-heading without-text\" style=\"color:#333333;\">IKEA<br \/>\nKungens kurva<\/h2><\/div><\/div><div class=\"flip-box-back\" style=\"background-color:#1a80b6;border-color:rgba(255,255,255,0);border-radius:4px;border-style:solid;border-width:1px;color:#ffffff;\"><div class=\"flip-box-back-inner\">Databaserat inbrottslarm i drift sedan 1986 ut\u00f6kat med ITV. B\u00e5de inbrottslarmet och \u00f6verfallslarmet med fiberoptik. Pulsar 2000 systemet med Jbc 94 och Jbc 95 installerade januari 1995 respektive 1996. Autocad med TCP\/IP 2001.<\/p>\n<p><a href=\"http:\/\/www.ikea.com\/se\/sv\/store\/kurvan\" target=\"_blank\">G\u00e5 till IKEA hemsida<\/a><\/div><\/div><\/div><\/div><\/div><div class=\"fusion-flip-box-wrapper fusion-column col-lg-4 col-md-4 col-sm-4\"><div class=\"fusion-flip-box\"><div class=\"flip-box-inner-wrapper\"><div class=\"flip-box-front\" style=\"background-color:#f6f6f6;border-color:rgba(255,255,255,0);border-radius:4px;border-style:solid;border-width:1px;color:#747474;\"><div class=\"flip-box-front-inner\"><div class=\"flip-box-grafix flip-box-image\"><img loading=\"lazy\" decoding=\"async\" src=\"http:\/\/pulsar.se\/wp-content\/uploads\/2015\/11\/coop.png\" width=\"235\" height=\"235\" alt=\"\" \/><\/div><h2 class=\"flip-box-heading without-text\" style=\"color:#333333;\">Coop Sverige<br \/>\nBro, Enk\u00f6ping och V\u00e4ster\u00e5s<\/h2><\/div><\/div><div class=\"flip-box-back\" style=\"background-color:#1a80b6;border-color:rgba(255,255,255,0);border-radius:4px;border-style:solid;border-width:1px;color:#ffffff;\"><div class=\"flip-box-back-inner\"><span style=\"line-height: 1.5;\">Specialvaruterminalen BRO, frysen Enk\u00f6ping och video V\u00e4ster\u00e5s.Databaserade\/busbaserade system Pulsar 2000 med Autocad och TCP\/IP.<\/span><\/p>\n<p>Inbrott &#8211; driftslarm &#8211; ITV &#8211; Brandlarm &#8211; Passerkontroll samt grind\/d\u00f6rr kontroll &#8211;<br \/>\nLjusstyrning.<br \/>\nKontaktperson\/Referens: Jan Th\u00e9len<\/div><\/div><\/div><\/div><\/div><\/div><div class=\"fusion-clearfix\"><\/div><div class=\"fusion-clearfix\"><\/div>\n\n\t\t\t\t\t<\/div>\n\t\t\t\t<\/div><div  class=\"fusion-layout-column fusion_builder_column fusion_builder_column_1_1  fusion-one-full fusion-column-first fusion-column-last fusion-column-no-min-height 1_1\"  style='margin-top:0px;margin-bottom:0px;'>\n\t\t\t\t\t<div class=\"fusion-column-wrapper\" style=\"background-position:left top;background-repeat:no-repeat;-webkit-background-size:cover;-moz-background-size:cover;-o-background-size:cover;background-size:cover;\"  data-bg-url=\"\">\n\t\t\t\t\t\t<div class=\"fusion-flip-boxes flip-boxes row fusion-columns-3\"><div class=\"fusion-flip-box-wrapper fusion-column col-lg-4 col-md-4 col-sm-4\"><div class=\"fusion-flip-box\"><div class=\"flip-box-inner-wrapper\"><div class=\"flip-box-front\" style=\"background-color:#f6f6f6;border-color:rgba(255,255,255,0);border-radius:4px;border-style:solid;border-width:1px;color:#747474;\"><div class=\"flip-box-front-inner\"><div class=\"flip-box-grafix flip-box-image\"><img loading=\"lazy\" decoding=\"async\" src=\"http:\/\/pulsar.se\/wp-content\/uploads\/2015\/11\/fm_cmyk_text.gif\" width=\"250\" height=\"150\" alt=\"\" \/><\/div><h2 class=\"flip-box-heading without-text\" style=\"color:#333333;\">Marinen<br \/>\nKarlskrona<\/h2><\/div><\/div><div class=\"flip-box-back\" style=\"background-color:#1a80b6;border-color:rgba(255,255,255,0);border-radius:4px;border-style:solid;border-width:1px;color:#ffffff;\"><div class=\"flip-box-back-inner\"><h3 class=\"flip-box-heading-back\" style=\"color:#eeeded;\">Brandlarm med Notifier\/Pulsar plattformen<\/h3>Flera v\u00e4rdar\/anl\u00e4ggningar kontrollerade via en server och klienter.<br \/>\nLevererat av Elit Blekinge<\/div><\/div><\/div><\/div><\/div><div class=\"fusion-flip-box-wrapper fusion-column col-lg-4 col-md-4 col-sm-4\"><div class=\"fusion-flip-box\"><div class=\"flip-box-inner-wrapper\"><div class=\"flip-box-front\" style=\"background-color:#f6f6f6;border-color:rgba(255,255,255,0);border-radius:4px;border-style:solid;border-width:1px;color:#747474;\"><div class=\"flip-box-front-inner\"><div class=\"flip-box-grafix flip-box-image\"><img loading=\"lazy\" decoding=\"async\" src=\"http:\/\/pulsar.se\/wp-content\/uploads\/2015\/11\/oki.png\" width=\"250\" height=\"50\" alt=\"\" \/><\/div><h2 class=\"flip-box-heading without-text\" style=\"color:#333333;\"><br \/>\nOKI Printing Solution AB<br \/>\nKista<\/h2><\/div><\/div><div class=\"flip-box-back\" style=\"background-color:#1a80b6;border-color:rgba(255,255,255,0);border-radius:4px;border-style:solid;border-width:1px;color:#ffffff;\"><div class=\"flip-box-back-inner\"><\/div><\/div><\/div><\/div><\/div><div class=\"fusion-flip-box-wrapper fusion-column col-lg-4 col-md-4 col-sm-4\"><div class=\"fusion-flip-box\"><div class=\"flip-box-inner-wrapper\"><div class=\"flip-box-front\" style=\"background-color:#f6f6f6;border-color:rgba(255,255,255,0);border-radius:4px;border-style:solid;border-width:1px;color:#747474;\"><div class=\"flip-box-front-inner\"><div class=\"flip-box-grafix flip-box-image\"><img loading=\"lazy\" decoding=\"async\" src=\"http:\/\/pulsar.se\/wp-content\/uploads\/2015\/11\/NY97837LOGO.jpeg\" width=\"235\" height=\"235\" alt=\"\" \/><\/div><h2 class=\"flip-box-heading without-text\" style=\"color:#333333;\"><br \/>\nVWR<br \/>\nLunda<\/h2><\/div><\/div><div class=\"flip-box-back\" style=\"background-color:#1a80b6;border-color:rgba(255,255,255,0);border-radius:4px;border-style:solid;border-width:1px;color:#ffffff;\"><div class=\"flip-box-back-inner\"><h3 class=\"flip-box-heading-back\" style=\"color:#eeeded;\">Pulsarplattform med Inbrott och passerkontroll i samma system<\/h3>Levererat av Alarm &amp; Elektronikservice AB<\/div><\/div><\/div><\/div><\/div><\/div><div class=\"fusion-clearfix\"><\/div><div class=\"fusion-clearfix\"><\/div>\n\n\t\t\t\t\t<\/div>\n\t\t\t\t<\/div><div  class=\"fusion-layout-column fusion_builder_column fusion_builder_column_1_1  fusion-one-full fusion-column-first fusion-column-last fusion-column-no-min-height 1_1\"  style='margin-top:0px;margin-bottom:0px;'>\n\t\t\t\t\t<div class=\"fusion-column-wrapper\" style=\"background-position:left top;background-repeat:no-repeat;-webkit-background-size:cover;-moz-background-size:cover;-o-background-size:cover;background-size:cover;\"  data-bg-url=\"\">\n\t\t\t\t\t\t<div class=\"fusion-flip-boxes flip-boxes row fusion-columns-3\"><div class=\"fusion-flip-box-wrapper fusion-column col-lg-4 col-md-4 col-sm-4\"><div class=\"fusion-flip-box\"><div class=\"flip-box-inner-wrapper\"><div class=\"flip-box-front\" style=\"background-color:#f6f6f6;border-color:rgba(255,255,255,0);border-radius:4px;border-style:solid;border-width:1px;color:#747474;\"><div class=\"flip-box-front-inner\"><div class=\"flip-box-grafix flip-box-image\"><img loading=\"lazy\" decoding=\"async\" src=\"http:\/\/pulsar.se\/wp-content\/uploads\/2015\/11\/Karlstads_universitet_seal.png\" width=\"235\" height=\"235\" alt=\"\" \/><\/div><h2 class=\"flip-box-heading without-text\" style=\"color:#333333;\">Karlstad Universitet<\/h2><\/div><\/div><div class=\"flip-box-back\" style=\"background-color:#1a80b6;border-color:rgba(255,255,255,0);border-radius:4px;border-style:solid;border-width:1px;color:#ffffff;\"><div class=\"flip-box-back-inner\"><h3 class=\"flip-box-heading-back\" style=\"color:#eeeded;\">Brandlarm, Notifier\/Pulsarplattformen <\/h3>Levererat av Midroc Karlstad<\/div><\/div><\/div><\/div><\/div><div class=\"fusion-flip-box-wrapper fusion-column col-lg-4 col-md-4 col-sm-4\"><div class=\"fusion-flip-box\"><div class=\"flip-box-inner-wrapper\"><div class=\"flip-box-front\" style=\"background-color:#f6f6f6;border-color:rgba(255,255,255,0);border-radius:4px;border-style:solid;border-width:1px;color:#747474;\"><div class=\"flip-box-front-inner\"><div class=\"flip-box-grafix flip-box-image\"><img loading=\"lazy\" decoding=\"async\" src=\"http:\/\/pulsar.se\/wp-content\/uploads\/2015\/11\/Ericsson_logo.svg.png\" width=\"235\" height=\"235\" alt=\"\" \/><\/div><h2 class=\"flip-box-heading without-text\" style=\"color:#333333;\">Ericsson<br \/>\nLund<\/h2><\/div><\/div><div class=\"flip-box-back\" style=\"background-color:#1a80b6;border-color:rgba(255,255,255,0);border-radius:4px;border-style:solid;border-width:1px;color:#ffffff;\"><div class=\"flip-box-back-inner\">Anl\u00e4ggningen f\u00f6r mobilplattformar, klient i Kista\/Solna.<br \/>\nPulsar 2000 systemet med Autocad TCP\/IP applikationer.\u00a0S\u00e5ld och installerad av Midroc Electro i Lund, 2004 \u00f6vertagen av COOR, Swesafe och YIT.<\/div><\/div><\/div><\/div><\/div><div class=\"fusion-flip-box-wrapper fusion-column col-lg-4 col-md-4 col-sm-4\"><div class=\"fusion-flip-box\"><div class=\"flip-box-inner-wrapper\"><div class=\"flip-box-front\" style=\"background-color:#f6f6f6;border-color:rgba(255,255,255,0);border-radius:4px;border-style:solid;border-width:1px;color:#747474;\"><div class=\"flip-box-front-inner\"><div class=\"flip-box-grafix flip-box-image\"><img loading=\"lazy\" decoding=\"async\" src=\"http:\/\/pulsar.se\/wp-content\/uploads\/2015\/11\/stockholm-vatten.png\" width=\"235\" height=\"235\" alt=\"\" \/><\/div><h2 class=\"flip-box-heading without-text\" style=\"color:#333333;\">Stockholm Vatten<\/h2><\/div><\/div><div class=\"flip-box-back\" style=\"background-color:#1a80b6;border-color:rgba(255,255,255,0);border-radius:4px;border-style:solid;border-width:1px;color:#ffffff;\"><div class=\"flip-box-back-inner\">Stockholm Vatten Bromma och Loudden<\/p>\n<p>&lt;br&gt; Levererat av Midroc Sandviken<\/div><\/div><\/div><\/div><\/div><\/div><div class=\"fusion-clearfix\"><\/div><div class=\"fusion-clearfix\"><\/div>\n\n\t\t\t\t\t<\/div>\n\t\t\t\t<\/div><div  class=\"fusion-layout-column fusion_builder_column fusion_builder_column_1_1  fusion-one-full fusion-column-first fusion-column-last fusion-column-no-min-height 1_1\"  style='margin-top:0px;margin-bottom:0px;'>\n\t\t\t\t\t<div class=\"fusion-column-wrapper\" style=\"background-position:left top;background-repeat:no-repeat;-webkit-background-size:cover;-moz-background-size:cover;-o-background-size:cover;background-size:cover;\"  data-bg-url=\"\">\n\t\t\t\t\t\t<div class=\"fusion-flip-boxes flip-boxes row fusion-columns-3\"><div class=\"fusion-flip-box-wrapper fusion-column col-lg-4 col-md-4 col-sm-4\"><div class=\"fusion-flip-box\"><div class=\"flip-box-inner-wrapper\"><div class=\"flip-box-front\" style=\"background-color:#f6f6f6;border-color:rgba(255,255,255,0);border-radius:4px;border-style:solid;border-width:1px;color:#747474;\"><div class=\"flip-box-front-inner\"><div class=\"flip-box-grafix flip-box-image\"><img loading=\"lazy\" decoding=\"async\" src=\"http:\/\/pulsar.se\/wp-content\/uploads\/2015\/11\/WTC_M-L-H_color_Mini.png\" width=\"235\" height=\"235\" alt=\"\" \/><\/div><h2 class=\"flip-box-heading without-text\" style=\"color:#333333;\">World Trade Center<br \/>\nMalm\u00f6<\/h2><\/div><\/div><div class=\"flip-box-back\" style=\"background-color:#1a80b6;border-color:rgba(255,255,255,0);border-radius:4px;border-style:solid;border-width:1px;color:#ffffff;\"><div class=\"flip-box-back-inner\">Installerat av Midroc men \u00f6vertagen MPR El-Teleteknik AB<\/div><\/div><\/div><\/div><\/div><div class=\"fusion-flip-box-wrapper fusion-column col-lg-4 col-md-4 col-sm-4\"><div class=\"fusion-flip-box\"><div class=\"flip-box-inner-wrapper\"><div class=\"flip-box-front\" style=\"background-color:#f6f6f6;border-color:rgba(255,255,255,0);border-radius:4px;border-style:solid;border-width:1px;color:#747474;\"><div class=\"flip-box-front-inner\"><div class=\"flip-box-grafix flip-box-image\"><img loading=\"lazy\" decoding=\"async\" src=\"http:\/\/pulsar.se\/wp-content\/uploads\/2015\/11\/sahlgrenska.jpg\" width=\"235\" height=\"235\" alt=\"\" \/><\/div><h2 class=\"flip-box-heading without-text\" style=\"color:#333333;\">Sahlgrenska Sjukhuset<br \/>\nR\u00e4ttsmedicin<\/h2><\/div><\/div><div class=\"flip-box-back\" style=\"background-color:#1a80b6;border-color:rgba(255,255,255,0);border-radius:4px;border-style:solid;border-width:1px;color:#ffffff;\"><div class=\"flip-box-back-inner\"><span style=\"line-height: 1.5;\">Brandlarm Notifier hanterat med Pulsarsystemet<br \/>\nInstallerat av Nokas Teknik G\u00f6teborg. 2012\/13<\/span><\/div><\/div><\/div><\/div><\/div><div class=\"fusion-flip-box-wrapper fusion-column col-lg-4 col-md-4 col-sm-4\"><div class=\"fusion-flip-box\"><div class=\"flip-box-inner-wrapper\"><div class=\"flip-box-front\" style=\"background-color:#f6f6f6;border-color:rgba(255,255,255,0);border-radius:4px;border-style:solid;border-width:1px;color:#747474;\"><div class=\"flip-box-front-inner\"><div class=\"flip-box-grafix flip-box-image\"><img loading=\"lazy\" decoding=\"async\" src=\"http:\/\/pulsar.se\/wp-content\/uploads\/2015\/11\/Solvalla.jpg\" width=\"235\" height=\"235\" alt=\"\" \/><\/div><h2 class=\"flip-box-heading without-text\" style=\"color:#333333;\">Solvalla<\/h2><\/div><\/div><div class=\"flip-box-back\" style=\"background-color:#1a80b6;border-color:rgba(255,255,255,0);border-radius:4px;border-style:solid;border-width:1px;color:#ffffff;\"><div class=\"flip-box-back-inner\">Pulsar 2000 systemet med Autocad TCP\/IP applikationer d\u00e4r video och kortl\u00e4sare<br \/>\nintegrerats.<\/div><\/div><\/div><\/div><\/div><\/div><div class=\"fusion-clearfix\"><\/div><div class=\"fusion-clearfix\"><\/div>\n\n\t\t\t\t\t<\/div>\n\t\t\t\t<\/div><div  class=\"fusion-layout-column fusion_builder_column fusion_builder_column_1_1  fusion-one-full fusion-column-first fusion-column-last fusion-column-no-min-height 1_1\"  style='margin-top:0px;margin-bottom:0px;'>\n\t\t\t\t\t<div class=\"fusion-column-wrapper\" style=\"background-position:left top;background-repeat:no-repeat;-webkit-background-size:cover;-moz-background-size:cover;-o-background-size:cover;background-size:cover;\"  data-bg-url=\"\">\n\t\t\t\t\t\t<div class=\"fusion-flip-boxes flip-boxes row fusion-columns-3\"><div class=\"fusion-flip-box-wrapper fusion-column col-lg-4 col-md-4 col-sm-4\"><div class=\"fusion-flip-box\"><div class=\"flip-box-inner-wrapper\"><div class=\"flip-box-front\" style=\"background-color:#f6f6f6;border-color:rgba(255,255,255,0);border-radius:4px;border-style:solid;border-width:1px;color:#747474;\"><div class=\"flip-box-front-inner\"><div class=\"flip-box-grafix flip-box-image\"><img loading=\"lazy\" decoding=\"async\" src=\"http:\/\/pulsar.se\/wp-content\/uploads\/2015\/11\/Ekesioo.gif\" width=\"235\" height=\"235\" alt=\"\" \/><\/div><h2 class=\"flip-box-heading without-text\" style=\"color:#333333;\">Ekesi\u00f6\u00f6<br \/>\nByggmarknad Bromma<\/h2><\/div><\/div><div class=\"flip-box-back\" style=\"background-color:#1a80b6;border-color:rgba(255,255,255,0);border-radius:4px;border-style:solid;border-width:1px;color:#ffffff;\"><div class=\"flip-box-back-inner\">Levererat av Alarm &amp; Elektronikservice AB<\/div><\/div><\/div><\/div><\/div><div class=\"fusion-flip-box-wrapper fusion-column col-lg-4 col-md-4 col-sm-4\"><div class=\"fusion-flip-box\"><div class=\"flip-box-inner-wrapper\"><div class=\"flip-box-front\" style=\"background-color:#f6f6f6;border-color:rgba(255,255,255,0);border-radius:4px;border-style:solid;border-width:1px;color:#747474;\"><div class=\"flip-box-front-inner\"><div class=\"flip-box-grafix flip-box-image\"><img loading=\"lazy\" decoding=\"async\" src=\"http:\/\/pulsar.se\/wp-content\/uploads\/2015\/11\/Logo-Darwin-Grande.png\" width=\"235\" height=\"235\" alt=\"\" \/><\/div><h2 class=\"flip-box-heading without-text\" style=\"color:#333333;\">Darwin<br \/>\nBarcelona, Spanien<\/h2><\/div><\/div><div class=\"flip-box-back\" style=\"background-color:#1a80b6;border-color:rgba(255,255,255,0);border-radius:4px;border-style:solid;border-width:1px;color:#ffffff;\"><div class=\"flip-box-back-inner\"><\/div><\/div><\/div><\/div><\/div><div class=\"fusion-flip-box-wrapper fusion-column col-lg-4 col-md-4 col-sm-4\"><div class=\"fusion-flip-box\"><div class=\"flip-box-inner-wrapper\"><div class=\"flip-box-front\" style=\"background-color:#f6f6f6;border-color:rgba(255,255,255,0);border-radius:4px;border-style:solid;border-width:1px;color:#747474;\"><div class=\"flip-box-front-inner\"><div class=\"flip-box-grafix flip-box-image\"><img loading=\"lazy\" decoding=\"async\" src=\"http:\/\/pulsar.se\/wp-content\/uploads\/2015\/11\/logo.png\" width=\"235\" height=\"235\" alt=\"\" \/><\/div><h2 class=\"flip-box-heading without-text\" style=\"color:#333333;\">Bro-B\u00e5lsta Golfklubb<\/h2><\/div><\/div><div class=\"flip-box-back\" style=\"background-color:#1a80b6;border-color:rgba(255,255,255,0);border-radius:4px;border-style:solid;border-width:1px;color:#ffffff;\"><div class=\"flip-box-back-inner\">Levererat av Alarm &amp; Elektronikservice AB<\/div><\/div><\/div><\/div><\/div><\/div><div class=\"fusion-clearfix\"><\/div><div class=\"fusion-clearfix\"><\/div>\n\n\t\t\t\t\t<\/div>\n\t\t\t\t<\/div><div  class=\"fusion-layout-column fusion_builder_column fusion_builder_column_1_1  fusion-one-full fusion-column-first fusion-column-last fusion-column-no-min-height 1_1\"  style='margin-top:0px;margin-bottom:0px;'>\n\t\t\t\t\t<div class=\"fusion-column-wrapper\" style=\"background-position:left top;background-repeat:no-repeat;-webkit-background-size:cover;-moz-background-size:cover;-o-background-size:cover;background-size:cover;\"  data-bg-url=\"\">\n\t\t\t\t\t\t<div class=\"fusion-flip-boxes flip-boxes row fusion-columns-3\"><div class=\"fusion-flip-box-wrapper fusion-column col-lg-4 col-md-4 col-sm-4\"><div class=\"fusion-flip-box\"><div class=\"flip-box-inner-wrapper\"><div class=\"flip-box-front\" style=\"background-color:#f6f6f6;border-color:rgba(255,255,255,0);border-radius:4px;border-style:solid;border-width:1px;color:#747474;\"><div class=\"flip-box-front-inner\"><div class=\"flip-box-grafix flip-box-image\"><img loading=\"lazy\" decoding=\"async\" src=\"http:\/\/pulsar.se\/wp-content\/uploads\/2015\/11\/Mackmyra-Logo2015_72dpi_svart.jpg\" width=\"235\" height=\"235\" alt=\"\" \/><\/div><h2 class=\"flip-box-heading without-text\" style=\"color:#333333;\">Mackmyra Whisky<\/h2><\/div><\/div><div class=\"flip-box-back\" style=\"background-color:#1a80b6;border-color:rgba(255,255,255,0);border-radius:4px;border-style:solid;border-width:1px;color:#ffffff;\"><div class=\"flip-box-back-inner\">Levererat av Midroc Sandviken<\/div><\/div><\/div><\/div><\/div><div class=\"fusion-flip-box-wrapper fusion-column col-lg-4 col-md-4 col-sm-4\"><div class=\"fusion-flip-box\"><div class=\"flip-box-inner-wrapper\"><div class=\"flip-box-front\" style=\"background-color:#f6f6f6;border-color:rgba(255,255,255,0);border-radius:4px;border-style:solid;border-width:1px;color:#747474;\"><div class=\"flip-box-front-inner\"><div class=\"flip-box-grafix flip-box-image\"><img loading=\"lazy\" decoding=\"async\" src=\"http:\/\/pulsar.se\/wp-content\/uploads\/2015\/11\/widrikssonss.jpg\" width=\"235\" height=\"235\" alt=\"\" \/><\/div><h2 class=\"flip-box-heading without-text\" style=\"color:#333333;\">Bengt Hildemar Transport<br \/>\nL\u00e4nna<\/h2><\/div><\/div><div class=\"flip-box-back\" style=\"background-color:#1a80b6;border-color:rgba(255,255,255,0);border-radius:4px;border-style:solid;border-width:1px;color:#ffffff;\"><div class=\"flip-box-back-inner\">Levererat av Alarm &amp; Elektronikservice AB<\/div><\/div><\/div><\/div><\/div><div class=\"fusion-flip-box-wrapper fusion-column col-lg-4 col-md-4 col-sm-4\"><div class=\"fusion-flip-box\"><div class=\"flip-box-inner-wrapper\"><div class=\"flip-box-front\" style=\"background-color:#f6f6f6;border-color:rgba(255,255,255,0);border-radius:4px;border-style:solid;border-width:1px;color:#747474;\"><div class=\"flip-box-front-inner\"><div class=\"flip-box-grafix flip-box-image\"><img loading=\"lazy\" decoding=\"async\" src=\"http:\/\/pulsar.se\/wp-content\/uploads\/2015\/11\/nordkraft.jpg\" width=\"235\" height=\"235\" alt=\"\" \/><\/div><h2 class=\"flip-box-heading without-text\" style=\"color:#333333;\">Nordkraft<br \/>\nAalborg, Danmark<\/h2><\/div><\/div><div class=\"flip-box-back\" style=\"background-color:#1a80b6;border-color:rgba(255,255,255,0);border-radius:4px;border-style:solid;border-width:1px;color:#ffffff;\"><div class=\"flip-box-back-inner\">Pulsar2000 plattform Brandlarm med Notifier, 2009<\/div><\/div><\/div><\/div><\/div><\/div><div class=\"fusion-clearfix\"><\/div><div class=\"fusion-clearfix\"><\/div>\n\n\t\t\t\t\t<\/div>\n\t\t\t\t<\/div><div  class=\"fusion-layout-column fusion_builder_column fusion_builder_column_1_1  fusion-one-full fusion-column-first fusion-column-last fusion-column-no-min-height 1_1\"  style='margin-top:0px;margin-bottom:0px;'>\n\t\t\t\t\t<div class=\"fusion-column-wrapper\" style=\"background-position:left top;background-repeat:no-repeat;-webkit-background-size:cover;-moz-background-size:cover;-o-background-size:cover;background-size:cover;\"  data-bg-url=\"\">\n\t\t\t\t\t\t<div class=\"fusion-flip-boxes flip-boxes row fusion-columns-3\"><div class=\"fusion-flip-box-wrapper fusion-column col-lg-4 col-md-4 col-sm-4\"><div class=\"fusion-flip-box\"><div class=\"flip-box-inner-wrapper\"><div class=\"flip-box-front\" style=\"background-color:#f6f6f6;border-color:rgba(255,255,255,0);border-radius:4px;border-style:solid;border-width:1px;color:#747474;\"><div class=\"flip-box-front-inner\"><div class=\"flip-box-grafix flip-box-image\"><img loading=\"lazy\" decoding=\"async\" src=\"http:\/\/pulsar.se\/wp-content\/uploads\/2015\/11\/sandviken.gif\" width=\"235\" height=\"235\" alt=\"\" \/><\/div><h2 class=\"flip-box-heading without-text\" style=\"color:#333333;\">Sandvikens St\u00e5lverk<\/h2><\/div><\/div><div class=\"flip-box-back\" style=\"background-color:#1a80b6;border-color:rgba(255,255,255,0);border-radius:4px;border-style:solid;border-width:1px;color:#ffffff;\"><div class=\"flip-box-back-inner\"><h3 class=\"flip-box-heading-back\" style=\"color:#eeeded;\">Utrymningslarm<\/h3><\/div><\/div><\/div><\/div><\/div><div class=\"fusion-flip-box-wrapper fusion-column col-lg-4 col-md-4 col-sm-4\"><div class=\"fusion-flip-box\"><div class=\"flip-box-inner-wrapper\"><div class=\"flip-box-front\" style=\"background-color:#f6f6f6;border-color:rgba(255,255,255,0);border-radius:4px;border-style:solid;border-width:1px;color:#747474;\"><div class=\"flip-box-front-inner\"><div class=\"flip-box-grafix flip-box-image\"><img loading=\"lazy\" decoding=\"async\" src=\"http:\/\/pulsar.se\/wp-content\/uploads\/2015\/12\/yitlogo-copy-1-300x118.jpeg\" width=\"35\" height=\"35\" alt=\"\" \/><\/div><h2 class=\"flip-box-heading without-text\" style=\"color:#333333;\">Carl Christensen &amp; Co AS<br \/>\n\/ YIT AS<\/h2><\/div><\/div><div class=\"flip-box-back\" style=\"background-color:#1a80b6;border-color:rgba(255,255,255,0);border-radius:4px;border-style:solid;border-width:1px;color:#ffffff;\"><div class=\"flip-box-back-inner\"><\/div><\/div><\/div><\/div><\/div><\/div><div class=\"fusion-clearfix\"><\/div><div class=\"fusion-sep-clear\"><\/div><div class=\"fusion-separator fusion-full-width-sep sep-none\" style=\"margin-left: auto;margin-right: auto;margin-top:30px;\"><\/div><div class=\"fusion-clearfix\"><\/div>\n\n\t\t\t\t\t<\/div>\n\t\t\t\t<\/div><\/div><\/div>\n","protected":false},"excerpt":{"rendered":"","protected":false},"author":1,"featured_media":0,"parent":0,"menu_order":0,"comment_status":"closed","ping_status":"closed","template":"","meta":{"footnotes":""},"class_list":["post-1648","page","type-page","status-publish","hentry"],"_links":{"self":[{"href":"https:\/\/pulsar.se\/en\/wp-json\/wp\/v2\/pages\/1648","targetHints":{"allow":["GET"]}}],"collection":[{"href":"https:\/\/pulsar.se\/en\/wp-json\/wp\/v2\/pages"}],"about":[{"href":"https:\/\/pulsar.se\/en\/wp-json\/wp\/v2\/types\/page"}],"author":[{"embeddable":true,"href":"https:\/\/pulsar.se\/en\/wp-json\/wp\/v2\/users\/1"}],"replies":[{"embeddable":true,"href":"https:\/\/pulsar.se\/en\/wp-json\/wp\/v2\/comments?post=1648"}],"version-history":[{"count":1,"href":"https:\/\/pulsar.se\/en\/wp-json\/wp\/v2\/pages\/1648\/revisions"}],"predecessor-version":[{"id":1770,"href":"https:\/\/pulsar.se\/en\/wp-json\/wp\/v2\/pages\/1648\/revisions\/1770"}],"wp:attachment":[{"href":"https:\/\/pulsar.se\/en\/wp-json\/wp\/v2\/media?parent=1648"}],"curies":[{"name":"wp","href":"https:\/\/api.w.org\/{rel}","templated":true}]}}